{"id":2,"date":"2025-08-08T08:01:44","date_gmt":"2025-08-08T08:01:44","guid":{"rendered":"https:\/\/podcast.sollo.es\/?page_id=2"},"modified":"2025-10-27T14:42:00","modified_gmt":"2025-10-27T14:42:00","slug":"inicio","status":"publish","type":"page","link":"https:\/\/podcast.sollo.es\/","title":{"rendered":"Inicio"},"content":{"rendered":"\t\t<div data-elementor-type=\"wp-page\" data-elementor-id=\"2\" class=\"elementor elementor-2\" data-elementor-post-type=\"page\">\n\t\t\t\t<div class=\"elementor-element elementor-element-c992333 e-flex e-con-boxed e-con e-parent\" data-id=\"c992333\" data-element_type=\"container\">\n\t\t\t\t\t<div class=\"e-con-inner\">\n\t\t\t\t<div class=\"elementor-element elementor-element-418eeab elementor-widget elementor-widget-image\" data-id=\"418eeab\" data-element_type=\"widget\" data-widget_type=\"image.default\">\n\t\t\t\t\t\t\t\t\t\t\t\t\t\t\t<img fetchpriority=\"high\" decoding=\"async\" width=\"381\" height=\"322\" src=\"https:\/\/podcast.sollo.es\/wp-content\/uploads\/2025\/08\/LOGO.png\" class=\"attachment-full size-full wp-image-115\" alt=\"\" srcset=\"https:\/\/podcast.sollo.es\/wp-content\/uploads\/2025\/08\/LOGO.png 381w, https:\/\/podcast.sollo.es\/wp-content\/uploads\/2025\/08\/LOGO-300x254.png 300w\" sizes=\"(max-width: 381px) 100vw, 381px\" \/>\t\t\t\t\t\t\t\t\t\t\t\t\t\t\t<\/div>\n\t\t\t\t<div class=\"elementor-element elementor-element-05591df elementor-widget elementor-widget-image\" data-id=\"05591df\" data-element_type=\"widget\" data-widget_type=\"image.default\">\n\t\t\t\t\t\t\t\t\t\t\t\t\t\t\t\t<a href=\"#ultimo-episodio\">\n\t\t\t\t\t\t\t<img decoding=\"async\" width=\"254\" height=\"37\" src=\"https:\/\/podcast.sollo.es\/wp-content\/uploads\/2025\/08\/Recurso-5.png\" class=\"attachment-full size-full wp-image-116\" alt=\"\" \/>\t\t\t\t\t\t\t\t<\/a>\n\t\t\t\t\t\t\t\t\t\t\t\t\t\t\t<\/div>\n\t\t\t\t<div class=\"elementor-element elementor-element-b5d0b4b elementor-widget elementor-widget-spacer\" data-id=\"b5d0b4b\" data-element_type=\"widget\" data-widget_type=\"spacer.default\">\n\t\t\t\t\t\t\t<div class=\"elementor-spacer\">\n\t\t\t<div class=\"elementor-spacer-inner\"><\/div>\n\t\t<\/div>\n\t\t\t\t\t\t<\/div>\n\t\t\t\t<div class=\"elementor-element elementor-element-9021b7f elementor-widget elementor-widget-text-editor\" data-id=\"9021b7f\" data-element_type=\"widget\" data-widget_type=\"text-editor.default\">\n\t\t\t\t\t\t\t\t\t<p><span style=\"font-family: OGG, serif; color: #d3a84c;\">Diego &amp; Friends <\/span>es un innovador programa gastron\u00f3mico donde el arte culinario se convierte en conversaci\u00f3n, emoci\u00f3n y territorio.<\/p>\t\t\t\t\t\t\t\t<\/div>\n\t\t\t\t<div class=\"elementor-element elementor-element-0fb2d53 elementor-widget elementor-widget-text-editor\" data-id=\"0fb2d53\" data-element_type=\"widget\" data-widget_type=\"text-editor.default\">\n\t\t\t\t\t\t\t\t\t<p>El chef Diego Gallegos, <span style=\"color: #d3a84c;\">estrella Michel\u00edn<\/span> y referente de la cocina sostenible y de autor, invita a <span style=\"color: #d3a84c;\">amigos<\/span>, personalidades top del mundo de la cultura, la comunicaci\u00f3n, el deporte o la empresa a vivir una experiencia sensorial \u00fanica: cocinar juntos utilizando productos locales con sello <span style=\"color: #d3a84c;\">Sabor a M\u00e1laga<\/span>.<\/p><p>En cada episodio, los oyentes descubrir\u00e1n no solo recetas aut\u00e9nticas con productos de la tierra malague\u00f1a, sino tambi\u00e9n el lado m\u00e1s humano de los invitados, que comparten an\u00e9cdotas, recuerdos y reflexiones mientras cocinan de la mano del \u00abchef del caviar\u00bb. El programa fusiona entretenimiento, identidad local y alta cocina en un formato fresco y din\u00e1mico.<\/p>\t\t\t\t\t\t\t\t<\/div>\n\t\t\t\t\t<\/div>\n\t\t\t\t<\/div>\n\t\t<div class=\"elementor-element elementor-element-d26af61 e-flex e-con-boxed e-con e-parent\" data-id=\"d26af61\" data-element_type=\"container\">\n\t\t\t\t\t<div class=\"e-con-inner\">\n\t\t<div class=\"elementor-element elementor-element-f2ed276 e-con-full e-flex e-con e-child\" data-id=\"f2ed276\" data-element_type=\"container\">\n\t\t\t\t<div class=\"elementor-element elementor-element-14161e0 elementor-widget elementor-widget-image\" data-id=\"14161e0\" data-element_type=\"widget\" data-widget_type=\"image.default\">\n\t\t\t\t\t\t\t\t\t\t\t\t\t\t\t<img decoding=\"async\" width=\"600\" height=\"600\" src=\"https:\/\/podcast.sollo.es\/wp-content\/uploads\/2025\/08\/diego-1.jpg\" class=\"attachment-full size-full wp-image-170\" alt=\"\" srcset=\"https:\/\/podcast.sollo.es\/wp-content\/uploads\/2025\/08\/diego-1.jpg 600w, https:\/\/podcast.sollo.es\/wp-content\/uploads\/2025\/08\/diego-1-300x300.jpg 300w, https:\/\/podcast.sollo.es\/wp-content\/uploads\/2025\/08\/diego-1-150x150.jpg 150w\" sizes=\"(max-width: 600px) 100vw, 600px\" \/>\t\t\t\t\t\t\t\t\t\t\t\t\t\t\t<\/div>\n\t\t\t\t<\/div>\n\t\t<div class=\"elementor-element elementor-element-64cbce8 e-con-full e-flex e-con e-child\" data-id=\"64cbce8\" data-element_type=\"container\">\n\t\t\t\t<div class=\"elementor-element elementor-element-d2607e4 elementor-widget elementor-widget-heading\" data-id=\"d2607e4\" data-element_type=\"widget\" data-widget_type=\"heading.default\">\n\t\t\t\t\t<h2 class=\"elementor-heading-title elementor-size-default\">Diego Gallegos y SOLLO<\/h2>\t\t\t\t<\/div>\n\t\t\t\t<div class=\"elementor-element elementor-element-8ecab33 elementor-widget elementor-widget-text-editor\" data-id=\"8ecab33\" data-element_type=\"widget\" data-widget_type=\"text-editor.default\">\n\t\t\t\t\t\t\t\t\t<p>Una cocina <span style=\"color: #d3a84c;\">creativa<\/span> y <span style=\"color: #d3a84c;\">singular<\/span>.<\/p><p>Una materia prima <span style=\"color: #d3a84c;\">\u00fanica<\/span> y de <span style=\"color: #d3a84c;\">m\u00e1xima calidad<\/span>, producida mediante <span style=\"color: #d3a84c;\">acuapon\u00eda<\/span>.<\/p><p>Una propuesta gastron\u00f3mica basada en <span style=\"color: #d3a84c;\">pescados de r\u00edo<\/span> y vegetales de <span style=\"color: #d3a84c;\">producci\u00f3n propia<\/span> y <span style=\"color: #d3a84c;\">artesanal<\/span>.<\/p><p>Un <span style=\"color: #d3a84c;\">sistema innovador<\/span> que gestiona de forma respetuosa y ecol\u00f3gica los recursos naturales de la zona.<\/p><p>Respeto por el <span style=\"color: #d3a84c;\">medio ambiente<\/span> y una <span style=\"color: #d3a84c;\">visi\u00f3n multicultural<\/span> de la cocina.<\/p>\t\t\t\t\t\t\t\t<\/div>\n\t\t\t\t<\/div>\n\t\t\t\t\t<\/div>\n\t\t\t\t<\/div>\n\t\t<div class=\"elementor-element elementor-element-43c7524 e-flex e-con-boxed e-con e-parent\" data-id=\"43c7524\" data-element_type=\"container\" data-settings=\"{&quot;background_background&quot;:&quot;classic&quot;}\">\n\t\t\t\t\t<div class=\"e-con-inner\">\n\t\t\t\t<div class=\"elementor-element elementor-element-c252fd4 elementor-widget elementor-widget-image\" data-id=\"c252fd4\" data-element_type=\"widget\" data-widget_type=\"image.default\">\n\t\t\t\t\t\t\t\t\t\t\t\t\t\t\t<img loading=\"lazy\" decoding=\"async\" width=\"303\" height=\"303\" src=\"https:\/\/podcast.sollo.es\/wp-content\/uploads\/2025\/08\/Recurso-4.png\" class=\"attachment-full size-full wp-image-118\" alt=\"\" srcset=\"https:\/\/podcast.sollo.es\/wp-content\/uploads\/2025\/08\/Recurso-4.png 303w, https:\/\/podcast.sollo.es\/wp-content\/uploads\/2025\/08\/Recurso-4-300x300.png 300w, https:\/\/podcast.sollo.es\/wp-content\/uploads\/2025\/08\/Recurso-4-150x150.png 150w\" sizes=\"(max-width: 303px) 100vw, 303px\" \/>\t\t\t\t\t\t\t\t\t\t\t\t\t\t\t<\/div>\n\t\t<div class=\"elementor-element elementor-element-ed5dd4b e-con-full e-flex e-con e-child\" data-id=\"ed5dd4b\" data-element_type=\"container\">\n\t\t\t\t<\/div>\n\t\t\t\t<div class=\"elementor-element elementor-element-da75b5b elementor-widget__width-initial elementor-widget elementor-widget-text-editor\" data-id=\"da75b5b\" data-element_type=\"widget\" data-widget_type=\"text-editor.default\">\n\t\t\t\t\t\t\t\t\t<p>Por cada programa se har\u00e1n 2 recetas, integrando, como m\u00ednimo, 4 ingredientes principales <em>Sabor a M\u00e1laga<\/em>.<\/p>\t\t\t\t\t\t\t\t<\/div>\n\t\t\t\t\t<\/div>\n\t\t\t\t<\/div>\n\t\t<div class=\"elementor-element elementor-element-540bf60 e-flex e-con-boxed e-con e-parent\" data-id=\"540bf60\" data-element_type=\"container\" id=\"ultimo-episodio\">\n\t\t\t\t\t<div class=\"e-con-inner\">\n\t\t\t\t<div class=\"elementor-element elementor-element-ba8df78 elementor-widget elementor-widget-heading\" data-id=\"ba8df78\" data-element_type=\"widget\" data-widget_type=\"heading.default\">\n\t\t\t\t\t<h2 class=\"elementor-heading-title elementor-size-default\">\u00daltimos episodios<\/h2>\t\t\t\t<\/div>\n\t\t<div class=\"elementor-element elementor-element-47b4c4e e-con-full e-flex e-con e-child\" data-id=\"47b4c4e\" data-element_type=\"container\">\n\t\t<div class=\"elementor-element elementor-element-1428339 e-con-full e-flex e-con e-child\" data-id=\"1428339\" data-element_type=\"container\" data-settings=\"{&quot;background_background&quot;:&quot;classic&quot;}\">\n\t\t\t\t<div class=\"elementor-element elementor-element-cfc7184 elementor-widget elementor-widget-heading\" data-id=\"cfc7184\" data-element_type=\"widget\" data-widget_type=\"heading.default\">\n\t\t\t\t\t<h2 class=\"elementor-heading-title elementor-size-default\"><a href=\"https:\/\/youtu.be\/rXgC71DUDFY?si=YBI9e6axWeqgoI_v\" target=\"_blank\">\u00c1lvaro Escassi, nunca imagin\u00e9 que cambiar\u00eda el caballo por los fogones<\/a><\/h2>\t\t\t\t<\/div>\n\t\t\t\t<div class=\"elementor-element elementor-element-54546f1 elementor-align-center elementor-widget elementor-widget-button\" data-id=\"54546f1\" data-element_type=\"widget\" data-widget_type=\"button.default\">\n\t\t\t\t\t\t\t\t\t\t<a class=\"elementor-button elementor-button-link elementor-size-sm\" href=\"https:\/\/www.youtube.com\/watch?v=-nJzuYqRi7A\" target=\"_blank\">\n\t\t\t\t\t\t<span class=\"elementor-button-content-wrapper\">\n\t\t\t\t\t\t\t\t\t<span class=\"elementor-button-text\">ver podcast completo<\/span>\n\t\t\t\t\t<\/span>\n\t\t\t\t\t<\/a>\n\t\t\t\t\t\t\t\t<\/div>\n\t\t\t\t<\/div>\n\t\t<div class=\"elementor-element elementor-element-fe35248 e-con-full e-flex e-con e-child\" data-id=\"fe35248\" data-element_type=\"container\" data-settings=\"{&quot;background_background&quot;:&quot;classic&quot;}\">\n\t\t\t\t<div class=\"elementor-element elementor-element-189dc7c elementor-widget elementor-widget-heading\" data-id=\"189dc7c\" data-element_type=\"widget\" data-widget_type=\"heading.default\">\n\t\t\t\t\t<h2 class=\"elementor-heading-title elementor-size-default\"><a href=\"https:\/\/youtu.be\/rXgC71DUDFY?si=YBI9e6axWeqgoI_v\" target=\"_blank\">Gordo M\u00e1ster: De vender en la calle a llenar los escenarios<\/a><\/h2>\t\t\t\t<\/div>\n\t\t\t\t<div class=\"elementor-element elementor-element-4fb3ae3 elementor-align-center elementor-widget elementor-widget-button\" data-id=\"4fb3ae3\" data-element_type=\"widget\" data-widget_type=\"button.default\">\n\t\t\t\t\t\t\t\t\t\t<a class=\"elementor-button elementor-button-link elementor-size-sm\" href=\"https:\/\/youtu.be\/rXgC71DUDFY?si=YBI9e6axWeqgoI_v\" target=\"_blank\">\n\t\t\t\t\t\t<span class=\"elementor-button-content-wrapper\">\n\t\t\t\t\t\t\t\t\t<span class=\"elementor-button-text\">Ver podcast completo<\/span>\n\t\t\t\t\t<\/span>\n\t\t\t\t\t<\/a>\n\t\t\t\t\t\t\t\t<\/div>\n\t\t\t\t<\/div>\n\t\t<div class=\"elementor-element elementor-element-9d196a3 e-con-full e-flex e-con e-child\" data-id=\"9d196a3\" data-element_type=\"container\" data-settings=\"{&quot;background_background&quot;:&quot;classic&quot;}\">\n\t\t\t\t<div class=\"elementor-element elementor-element-8aa8307 elementor-widget elementor-widget-heading\" data-id=\"8aa8307\" data-element_type=\"widget\" data-widget_type=\"heading.default\">\n\t\t\t\t\t<h2 class=\"elementor-heading-title elementor-size-default\"><a href=\"https:\/\/www.youtube.com\/watch?v=lMXnS30Ra-I&#038;sttick=0\" target=\"_blank\">BERNI RODR\u00cdGUEZ NOS CUENTA SU NUEVO PROYECTO<\/a><\/h2>\t\t\t\t<\/div>\n\t\t\t\t<div class=\"elementor-element elementor-element-77596a9 elementor-align-center elementor-widget elementor-widget-button\" data-id=\"77596a9\" data-element_type=\"widget\" data-widget_type=\"button.default\">\n\t\t\t\t\t\t\t\t\t\t<a class=\"elementor-button elementor-button-link elementor-size-sm\" href=\"https:\/\/www.youtube.com\/watch?v=lMXnS30Ra-I&#038;sttick=0\" target=\"_blank\">\n\t\t\t\t\t\t<span class=\"elementor-button-content-wrapper\">\n\t\t\t\t\t\t\t\t\t<span class=\"elementor-button-text\">Ver podcast completo<\/span>\n\t\t\t\t\t<\/span>\n\t\t\t\t\t<\/a>\n\t\t\t\t\t\t\t\t<\/div>\n\t\t\t\t<\/div>\n\t\t\t\t<\/div>\n\t\t\t\t\t<\/div>\n\t\t\t\t<\/div>\n\t\t<div class=\"elementor-element elementor-element-e0e6fcb e-flex e-con-boxed e-con e-parent\" data-id=\"e0e6fcb\" data-element_type=\"container\">\n\t\t\t\t\t<div class=\"e-con-inner\">\n\t\t<div class=\"elementor-element elementor-element-07388d3 e-con-full e-flex e-con e-child\" data-id=\"07388d3\" data-element_type=\"container\" data-settings=\"{&quot;background_background&quot;:&quot;classic&quot;}\">\n\t\t\t\t<div class=\"elementor-element elementor-element-53e68f6 elementor-widget elementor-widget-text-editor\" data-id=\"53e68f6\" data-element_type=\"widget\" data-widget_type=\"text-editor.default\">\n\t\t\t\t\t\t\t\t\t<p><span dir=\"ltr\" role=\"presentation\">Oficina de Diego Galllegos<\/span><br role=\"presentation\" \/><span dir=\"ltr\" role=\"presentation\">Hotel Curio Collection by Hilton <\/span><br role=\"presentation\" \/><span dir=\"ltr\" role=\"presentation\">Avenida del Higuer\u00f3n 48<\/span><br role=\"presentation\" \/><span dir=\"ltr\" role=\"presentation\">Fuengirola 29640<\/span><\/p>\t\t\t\t\t\t\t\t<\/div>\n\t\t\t\t<\/div>\n\t\t<div class=\"elementor-element elementor-element-92d732e e-con-full e-flex e-con e-child\" data-id=\"92d732e\" data-element_type=\"container\">\n\t\t\t\t<div class=\"elementor-element elementor-element-a442ab0 elementor-widget elementor-widget-image\" data-id=\"a442ab0\" data-element_type=\"widget\" data-widget_type=\"image.default\">\n\t\t\t\t\t\t\t\t\t\t\t\t\t\t\t<img loading=\"lazy\" decoding=\"async\" width=\"800\" height=\"284\" src=\"https:\/\/podcast.sollo.es\/wp-content\/uploads\/2025\/08\/Logo_resort_v_blanco-1024x364.png\" class=\"attachment-large size-large wp-image-138\" alt=\"\" srcset=\"https:\/\/podcast.sollo.es\/wp-content\/uploads\/2025\/08\/Logo_resort_v_blanco-1024x364.png 1024w, https:\/\/podcast.sollo.es\/wp-content\/uploads\/2025\/08\/Logo_resort_v_blanco-300x107.png 300w, https:\/\/podcast.sollo.es\/wp-content\/uploads\/2025\/08\/Logo_resort_v_blanco-768x273.png 768w, https:\/\/podcast.sollo.es\/wp-content\/uploads\/2025\/08\/Logo_resort_v_blanco-1536x546.png 1536w, https:\/\/podcast.sollo.es\/wp-content\/uploads\/2025\/08\/Logo_resort_v_blanco-2048x728.png 2048w\" sizes=\"(max-width: 800px) 100vw, 800px\" \/>\t\t\t\t\t\t\t\t\t\t\t\t\t\t\t<\/div>\n\t\t\t\t<\/div>\n\t\t<div class=\"elementor-element elementor-element-7533b5c e-con-full e-flex e-con e-child\" data-id=\"7533b5c\" data-element_type=\"container\">\n\t\t\t\t<div class=\"elementor-element elementor-element-c44f1f9 elementor-widget elementor-widget-text-editor\" data-id=\"c44f1f9\" data-element_type=\"widget\" data-widget_type=\"text-editor.default\">\n\t\t\t\t\t\t\t\t\t<p><span dir=\"ltr\" role=\"presentation\">Para m\u00e1s informaci\u00f3n, por favor <\/span><br role=\"presentation\" \/><span dir=\"ltr\" role=\"presentation\">contacta con nosotros en: <\/span><br role=\"presentation\" \/><span dir=\"ltr\" role=\"presentation\">(+34) 672 414 443<\/span><\/p>\t\t\t\t\t\t\t\t<\/div>\n\t\t<div class=\"elementor-element elementor-element-9a65c05 e-con-full e-flex e-con e-child\" data-id=\"9a65c05\" data-element_type=\"container\">\n\t\t\t\t<div class=\"elementor-element elementor-element-f83ab31 elementor-shape-rounded elementor-grid-0 e-grid-align-center elementor-widget elementor-widget-social-icons\" data-id=\"f83ab31\" data-element_type=\"widget\" data-widget_type=\"social-icons.default\">\n\t\t\t\t\t\t\t<div class=\"elementor-social-icons-wrapper elementor-grid\" role=\"list\">\n\t\t\t\t\t\t\t<span class=\"elementor-grid-item\" role=\"listitem\">\n\t\t\t\t\t<a class=\"elementor-icon elementor-social-icon elementor-social-icon-instagram elementor-repeater-item-d149466\" target=\"_blank\">\n\t\t\t\t\t\t<span class=\"elementor-screen-only\">Instagram<\/span>\n\t\t\t\t\t\t<svg class=\"e-font-icon-svg e-fab-instagram\" viewBox=\"0 0 448 512\" xmlns=\"http:\/\/www.w3.org\/2000\/svg\"><path d=\"M224.1 141c-63.6 0-114.9 51.3-114.9 114.9s51.3 114.9 114.9 114.9S339 319.5 339 255.9 287.7 141 224.1 141zm0 189.6c-41.1 0-74.7-33.5-74.7-74.7s33.5-74.7 74.7-74.7 74.7 33.5 74.7 74.7-33.6 74.7-74.7 74.7zm146.4-194.3c0 14.9-12 26.8-26.8 26.8-14.9 0-26.8-12-26.8-26.8s12-26.8 26.8-26.8 26.8 12 26.8 26.8zm76.1 27.2c-1.7-35.9-9.9-67.7-36.2-93.9-26.2-26.2-58-34.4-93.9-36.2-37-2.1-147.9-2.1-184.9 0-35.8 1.7-67.6 9.9-93.9 36.1s-34.4 58-36.2 93.9c-2.1 37-2.1 147.9 0 184.9 1.7 35.9 9.9 67.7 36.2 93.9s58 34.4 93.9 36.2c37 2.1 147.9 2.1 184.9 0 35.9-1.7 67.7-9.9 93.9-36.2 26.2-26.2 34.4-58 36.2-93.9 2.1-37 2.1-147.8 0-184.8zM398.8 388c-7.8 19.6-22.9 34.7-42.6 42.6-29.5 11.7-99.5 9-132.1 9s-102.7 2.6-132.1-9c-19.6-7.8-34.7-22.9-42.6-42.6-11.7-29.5-9-99.5-9-132.1s-2.6-102.7 9-132.1c7.8-19.6 22.9-34.7 42.6-42.6 29.5-11.7 99.5-9 132.1-9s102.7-2.6 132.1 9c19.6 7.8 34.7 22.9 42.6 42.6 11.7 29.5 9 99.5 9 132.1s2.7 102.7-9 132.1z\"><\/path><\/svg>\t\t\t\t\t<\/a>\n\t\t\t\t<\/span>\n\t\t\t\t\t\t\t<span class=\"elementor-grid-item\" role=\"listitem\">\n\t\t\t\t\t<a class=\"elementor-icon elementor-social-icon elementor-social-icon-youtube elementor-repeater-item-0debf8c\" target=\"_blank\">\n\t\t\t\t\t\t<span class=\"elementor-screen-only\">Youtube<\/span>\n\t\t\t\t\t\t<svg class=\"e-font-icon-svg e-fab-youtube\" viewBox=\"0 0 576 512\" xmlns=\"http:\/\/www.w3.org\/2000\/svg\"><path d=\"M549.655 124.083c-6.281-23.65-24.787-42.276-48.284-48.597C458.781 64 288 64 288 64S117.22 64 74.629 75.486c-23.497 6.322-42.003 24.947-48.284 48.597-11.412 42.867-11.412 132.305-11.412 132.305s0 89.438 11.412 132.305c6.281 23.65 24.787 41.5 48.284 47.821C117.22 448 288 448 288 448s170.78 0 213.371-11.486c23.497-6.321 42.003-24.171 48.284-47.821 11.412-42.867 11.412-132.305 11.412-132.305s0-89.438-11.412-132.305zm-317.51 213.508V175.185l142.739 81.205-142.739 81.201z\"><\/path><\/svg>\t\t\t\t\t<\/a>\n\t\t\t\t<\/span>\n\t\t\t\t\t\t\t<span class=\"elementor-grid-item\" role=\"listitem\">\n\t\t\t\t\t<a class=\"elementor-icon elementor-social-icon elementor-social-icon-spotify elementor-repeater-item-dc1e926\" target=\"_blank\">\n\t\t\t\t\t\t<span class=\"elementor-screen-only\">Spotify<\/span>\n\t\t\t\t\t\t<svg class=\"e-font-icon-svg e-fab-spotify\" viewBox=\"0 0 496 512\" xmlns=\"http:\/\/www.w3.org\/2000\/svg\"><path d=\"M248 8C111.1 8 0 119.1 0 256s111.1 248 248 248 248-111.1 248-248S384.9 8 248 8zm100.7 364.9c-4.2 0-6.8-1.3-10.7-3.6-62.4-37.6-135-39.2-206.7-24.5-3.9 1-9 2.6-11.9 2.6-9.7 0-15.8-7.7-15.8-15.8 0-10.3 6.1-15.2 13.6-16.8 81.9-18.1 165.6-16.5 237 26.2 6.1 3.9 9.7 7.4 9.7 16.5s-7.1 15.4-15.2 15.4zm26.9-65.6c-5.2 0-8.7-2.3-12.3-4.2-62.5-37-155.7-51.9-238.6-29.4-4.8 1.3-7.4 2.6-11.9 2.6-10.7 0-19.4-8.7-19.4-19.4s5.2-17.8 15.5-20.7c27.8-7.8 56.2-13.6 97.8-13.6 64.9 0 127.6 16.1 177 45.5 8.1 4.8 11.3 11 11.3 19.7-.1 10.8-8.5 19.5-19.4 19.5zm31-76.2c-5.2 0-8.4-1.3-12.9-3.9-71.2-42.5-198.5-52.7-280.9-29.7-3.6 1-8.1 2.6-12.9 2.6-13.2 0-23.3-10.3-23.3-23.6 0-13.6 8.4-21.3 17.4-23.9 35.2-10.3 74.6-15.2 117.5-15.2 73 0 149.5 15.2 205.4 47.8 7.8 4.5 12.9 10.7 12.9 22.6 0 13.6-11 23.3-23.2 23.3z\"><\/path><\/svg>\t\t\t\t\t<\/a>\n\t\t\t\t<\/span>\n\t\t\t\t\t<\/div>\n\t\t\t\t\t\t<\/div>\n\t\t\t\t<\/div>\n\t\t\t\t<\/div>\n\t\t\t\t\t<\/div>\n\t\t\t\t<\/div>\n\t\t\t\t<\/div>\n\t\t","protected":false},"excerpt":{"rendered":"<p>Diego &amp; Friends es un innovador programa gastron\u00f3mico donde el arte culinario se convierte en conversaci\u00f3n, emoci\u00f3n y territorio. El chef Diego Gallegos, estrella Michel\u00edn y referente de la cocina sostenible y de autor, invita a amigos, personalidades top del mundo de la cultura, la comunicaci\u00f3n, el deporte o la empresa a vivir una experiencia [&hellip;]<\/p>\n","protected":false},"author":1,"featured_media":0,"parent":0,"menu_order":0,"comment_status":"closed","ping_status":"closed","template":"elementor_canvas","meta":{"footnotes":""},"class_list":["post-2","page","type-page","status-publish","hentry"],"_links":{"self":[{"href":"https:\/\/podcast.sollo.es\/index.php?rest_route=\/wp\/v2\/pages\/2","targetHints":{"allow":["GET"]}}],"collection":[{"href":"https:\/\/podcast.sollo.es\/index.php?rest_route=\/wp\/v2\/pages"}],"about":[{"href":"https:\/\/podcast.sollo.es\/index.php?rest_route=\/wp\/v2\/types\/page"}],"author":[{"embeddable":true,"href":"https:\/\/podcast.sollo.es\/index.php?rest_route=\/wp\/v2\/users\/1"}],"replies":[{"embeddable":true,"href":"https:\/\/podcast.sollo.es\/index.php?rest_route=%2Fwp%2Fv2%2Fcomments&post=2"}],"version-history":[{"count":191,"href":"https:\/\/podcast.sollo.es\/index.php?rest_route=\/wp\/v2\/pages\/2\/revisions"}],"predecessor-version":[{"id":233,"href":"https:\/\/podcast.sollo.es\/index.php?rest_route=\/wp\/v2\/pages\/2\/revisions\/233"}],"wp:attachment":[{"href":"https:\/\/podcast.sollo.es\/index.php?rest_route=%2Fwp%2Fv2%2Fmedia&parent=2"}],"curies":[{"name":"wp","href":"https:\/\/api.w.org\/{rel}","templated":true}]}}